{"id":28007,"date":"2025-05-09T10:58:21","date_gmt":"2025-05-09T08:58:21","guid":{"rendered":"https:\/\/chargeurs.com\/?page_id=28007"},"modified":"2025-05-21T11:26:47","modified_gmt":"2025-05-21T09:26:47","slug":"promouvoir-lethique-des-affaires","status":"publish","type":"page","link":"https:\/\/chargeurs.com\/en\/compagnie\/priorites-rse\/promouvoir-lethique-des-affaires\/","title":{"rendered":"Promoting business ethics"},"content":{"rendered":"<div data-elementor-type=\"wp-page\" data-elementor-id=\"28007\" class=\"elementor elementor-28007\" data-elementor-post-type=\"page\">\n\t\t\t\t<div class=\"elementor-element elementor-element-47d6224 e-flex e-con-boxed e-con e-parent\" data-id=\"47d6224\" data-element_type=\"container\" data-e-type=\"container\">\n\t\t\t\t\t<div class=\"e-con-inner\">\n\t\t<div class=\"elementor-element elementor-element-f9ea41f e-con-full e-flex e-con e-child\" data-id=\"f9ea41f\" data-element_type=\"container\" data-e-type=\"container\">\n\t\t<div class=\"elementor-element elementor-element-32bf62e e-con-full e-flex e-con e-child\" data-id=\"32bf62e\" data-element_type=\"container\" data-e-type=\"container\">\n\t\t\t\t<div class=\"elementor-element elementor-element-af4920c elementor-invisible elementor-widget elementor-widget-heading\" data-id=\"af4920c\" data-element_type=\"widget\" data-e-type=\"widget\" data-settings=\"{&quot;_animation&quot;:&quot;fadeIn&quot;}\" data-widget_type=\"heading.default\">\n\t\t\t\t<div class=\"elementor-widget-container\">\n\t\t\t\t\t<h2 class=\"elementor-heading-title elementor-size-default\">Acting as a responsible partner with stakeholders<\/h2>\t\t\t\t<\/div>\n\t\t\t\t<\/div>\n\t\t\t\t<div class=\"elementor-element elementor-element-9c95c20 elementor-widget__width-inherit elementor-widget-divider--view-line elementor-invisible elementor-widget elementor-widget-divider\" data-id=\"9c95c20\" data-element_type=\"widget\" data-e-type=\"widget\" data-settings=\"{&quot;_animation&quot;:&quot;fadeInUp&quot;}\" data-widget_type=\"divider.default\">\n\t\t\t\t<div class=\"elementor-widget-container\">\n\t\t\t\t\t\t\t<div class=\"elementor-divider\">\n\t\t\t<span class=\"elementor-divider-separator\">\n\t\t\t\t\t\t<\/span>\n\t\t<\/div>\n\t\t\t\t\t\t<\/div>\n\t\t\t\t<\/div>\n\t\t\t\t<\/div>\n\t\t<div class=\"elementor-element elementor-element-a553eb2 e-con-full e-flex e-con e-child\" data-id=\"a553eb2\" data-element_type=\"container\" data-e-type=\"container\">\n\t\t\t\t<div class=\"elementor-element elementor-element-5bb50e4 elementor-widget-mobile__width-inherit elementor-widget elementor-widget-image\" data-id=\"5bb50e4\" data-element_type=\"widget\" data-e-type=\"widget\" data-widget_type=\"image.default\">\n\t\t\t\t<div class=\"elementor-widget-container\">\n\t\t\t\t\t\t\t\t\t\t\t\t\t\t\t<img fetchpriority=\"high\" decoding=\"async\" width=\"800\" height=\"800\" src=\"https:\/\/chargeurs.com\/wp-content\/uploads\/2025\/04\/F-WEB-Goal-08-1024x1024.png\" class=\"attachment-large size-large wp-image-27846\" alt=\"\" srcset=\"https:\/\/chargeurs.com\/wp-content\/uploads\/2025\/04\/F-WEB-Goal-08-1024x1024.png 1024w, https:\/\/chargeurs.com\/wp-content\/uploads\/2025\/04\/F-WEB-Goal-08-300x300.png 300w, https:\/\/chargeurs.com\/wp-content\/uploads\/2025\/04\/F-WEB-Goal-08-150x150.png 150w, https:\/\/chargeurs.com\/wp-content\/uploads\/2025\/04\/F-WEB-Goal-08-768x768.png 768w, https:\/\/chargeurs.com\/wp-content\/uploads\/2025\/04\/F-WEB-Goal-08-12x12.png 12w, https:\/\/chargeurs.com\/wp-content\/uploads\/2025\/04\/F-WEB-Goal-08.png 1500w\" sizes=\"(max-width: 800px) 100vw, 800px\" \/>\t\t\t\t\t\t\t\t\t\t\t\t\t\t\t<\/div>\n\t\t\t\t<\/div>\n\t\t\t\t<div class=\"elementor-element elementor-element-bd76e98 elementor-widget-mobile__width-inherit elementor-widget elementor-widget-image\" data-id=\"bd76e98\" data-element_type=\"widget\" data-e-type=\"widget\" data-widget_type=\"image.default\">\n\t\t\t\t<div class=\"elementor-widget-container\">\n\t\t\t\t\t\t\t\t\t\t\t\t\t\t\t<img decoding=\"async\" width=\"800\" height=\"800\" src=\"https:\/\/chargeurs.com\/wp-content\/uploads\/2025\/04\/F-WEB-Goal-12-1024x1024.png\" class=\"attachment-large size-large wp-image-27841\" alt=\"\" srcset=\"https:\/\/chargeurs.com\/wp-content\/uploads\/2025\/04\/F-WEB-Goal-12-1024x1024.png 1024w, https:\/\/chargeurs.com\/wp-content\/uploads\/2025\/04\/F-WEB-Goal-12-300x300.png 300w, https:\/\/chargeurs.com\/wp-content\/uploads\/2025\/04\/F-WEB-Goal-12-150x150.png 150w, https:\/\/chargeurs.com\/wp-content\/uploads\/2025\/04\/F-WEB-Goal-12-768x768.png 768w, https:\/\/chargeurs.com\/wp-content\/uploads\/2025\/04\/F-WEB-Goal-12-12x12.png 12w, https:\/\/chargeurs.com\/wp-content\/uploads\/2025\/04\/F-WEB-Goal-12.png 1500w\" sizes=\"(max-width: 800px) 100vw, 800px\" \/>\t\t\t\t\t\t\t\t\t\t\t\t\t\t\t<\/div>\n\t\t\t\t<\/div>\n\t\t\t\t<\/div>\n\t\t\t\t<\/div>\n\t\t<div class=\"elementor-element elementor-element-ed07ff9 e-con-full e-flex e-con e-child\" data-id=\"ed07ff9\" data-element_type=\"container\" data-e-type=\"container\" data-settings=\"{&quot;background_background&quot;:&quot;classic&quot;}\">\n\t\t\t\t<div class=\"elementor-element elementor-element-a10133d elementor-invisible elementor-widget elementor-widget-heading\" data-id=\"a10133d\" data-element_type=\"widget\" data-e-type=\"widget\" data-settings=\"{&quot;_animation&quot;:&quot;fadeIn&quot;}\" data-widget_type=\"heading.default\">\n\t\t\t\t<div class=\"elementor-widget-container\">\n\t\t\t\t\t<h2 class=\"elementor-heading-title elementor-size-default\">New targets under construction<\/h2>\t\t\t\t<\/div>\n\t\t\t\t<\/div>\n\t\t\t\t<div class=\"elementor-element elementor-element-4b4fd02 elementor-widget elementor-widget-text-editor\" data-id=\"4b4fd02\" data-element_type=\"widget\" data-e-type=\"widget\" data-widget_type=\"text-editor.default\">\n\t\t\t\t<div class=\"elementor-widget-container\">\n\t\t\t\t\t\t\t\t\t<p><strong>2030 target<\/strong> Sales generated by more sustainable products and services compared with market or in-house standards (%)<\/p><p>\u00a0<\/p>\t\t\t\t\t\t\t\t<\/div>\n\t\t\t\t<\/div>\n\t\t\t\t<\/div>\n\t\t<div class=\"elementor-element elementor-element-2e4a3a1 e-con-full e-flex e-con e-child\" data-id=\"2e4a3a1\" data-element_type=\"container\" data-e-type=\"container\" data-settings=\"{&quot;background_background&quot;:&quot;classic&quot;}\">\n\t\t\t\t<div class=\"elementor-element elementor-element-94723ba elementor-widget__width-initial elementor-widget elementor-widget-counter\" data-id=\"94723ba\" data-element_type=\"widget\" data-e-type=\"widget\" data-widget_type=\"counter.default\">\n\t\t\t\t<div class=\"elementor-widget-container\">\n\t\t\t\t\t\t\t<div class=\"elementor-counter\">\n\t\t\t\t\t\t<div class=\"elementor-counter-number-wrapper\">\n\t\t\t\t<span class=\"elementor-counter-number-prefix\"><\/span>\n\t\t\t\t<span class=\"elementor-counter-number\" data-duration=\"2000\" data-to-value=\"80\" data-from-value=\"0\" data-delimiter=\",\">0<\/span>\n\t\t\t\t<span class=\"elementor-counter-number-suffix\">%<\/span>\n\t\t\t<\/div>\n\t\t<\/div>\n\t\t\t\t\t\t<\/div>\n\t\t\t\t<\/div>\n\t\t\t\t<div class=\"elementor-element elementor-element-207fe33 elementor-widget elementor-widget-text-editor\" data-id=\"207fe33\" data-element_type=\"widget\" data-e-type=\"widget\" data-widget_type=\"text-editor.default\">\n\t\t\t\t<div class=\"elementor-widget-container\">\n\t\t\t\t\t\t\t\t\t<p><strong>2030 target<\/strong> Increase the proportion of major suppliers audited or assessed (%)<\/p>\t\t\t\t\t\t\t\t<\/div>\n\t\t\t\t<\/div>\n\t\t\t\t<\/div>\n\t\t<div class=\"elementor-element elementor-element-75f0e1c e-con-full e-flex e-con e-child\" data-id=\"75f0e1c\" data-element_type=\"container\" data-e-type=\"container\" data-settings=\"{&quot;background_background&quot;:&quot;classic&quot;}\">\n\t\t\t\t<div class=\"elementor-element elementor-element-ca35aec elementor-widget__width-initial elementor-widget elementor-widget-counter\" data-id=\"ca35aec\" data-element_type=\"widget\" data-e-type=\"widget\" data-widget_type=\"counter.default\">\n\t\t\t\t<div class=\"elementor-widget-container\">\n\t\t\t\t\t\t\t<div class=\"elementor-counter\">\n\t\t\t\t\t\t<div class=\"elementor-counter-number-wrapper\">\n\t\t\t\t<span class=\"elementor-counter-number-prefix\"><\/span>\n\t\t\t\t<span class=\"elementor-counter-number\" data-duration=\"2000\" data-to-value=\"70\" data-from-value=\"0\" data-delimiter=\",\">0<\/span>\n\t\t\t\t<span class=\"elementor-counter-number-suffix\">%<\/span>\n\t\t\t<\/div>\n\t\t<\/div>\n\t\t\t\t\t\t<\/div>\n\t\t\t\t<\/div>\n\t\t\t\t<div class=\"elementor-element elementor-element-a72f463 elementor-widget elementor-widget-text-editor\" data-id=\"a72f463\" data-element_type=\"widget\" data-e-type=\"widget\" data-widget_type=\"text-editor.default\">\n\t\t\t\t<div class=\"elementor-widget-container\">\n\t\t\t\t\t\t\t\t\t<strong>2030 target<\/strong> : Encourage certification of production sites with &gt;50 employees to (at least) 3 ISO QSEE standards (%) <sup>(5)<\/sup>\t\t\t\t\t\t\t\t<\/div>\n\t\t\t\t<\/div>\n\t\t\t\t<div class=\"elementor-element elementor-element-57f3f9c elementor-widget elementor-widget-text-editor\" data-id=\"57f3f9c\" data-element_type=\"widget\" data-e-type=\"widget\" data-widget_type=\"text-editor.default\">\n\t\t\t\t<div class=\"elementor-widget-container\">\n\t\t\t\t\t\t\t\t\t<p><em>(5) Quality, Safety, Environment, Energy (or equivalent).<\/em><\/p>\t\t\t\t\t\t\t\t<\/div>\n\t\t\t\t<\/div>\n\t\t\t\t<\/div>\n\t\t<div class=\"elementor-element elementor-element-00f56e5 e-con-full e-flex e-con e-child\" data-id=\"00f56e5\" data-element_type=\"container\" data-e-type=\"container\" data-settings=\"{&quot;background_background&quot;:&quot;classic&quot;}\">\n\t\t\t\t<div class=\"elementor-element elementor-element-6ff5cf1 elementor-widget__width-inherit elementor-invisible elementor-widget elementor-widget-heading\" data-id=\"6ff5cf1\" data-element_type=\"widget\" data-e-type=\"widget\" data-settings=\"{&quot;_animation&quot;:&quot;fadeIn&quot;}\" data-widget_type=\"heading.default\">\n\t\t\t\t<div class=\"elementor-widget-container\">\n\t\t\t\t\t<h2 class=\"elementor-heading-title elementor-size-default\">Illustration in our businesses<\/h2>\t\t\t\t<\/div>\n\t\t\t\t<\/div>\n\t\t\t\t<div class=\"elementor-element elementor-element-a3baed9 elementor-widget__width-initial elementor-widget elementor-widget-text-editor\" data-id=\"a3baed9\" data-element_type=\"widget\" data-e-type=\"widget\" data-widget_type=\"text-editor.default\">\n\t\t\t\t<div class=\"elementor-widget-container\">\n\t\t\t\t\t\t\t\t\t<p>Compagnie Chargeurs Invest innovates and offers more sustainable products for responsible performance.<\/p><p>For example, with its Oxygen range, Novacel offers solutions made from recycled or plant-based materials, or with less plastic - like Oxygen Lean, which contains 20 % less plastic thanks to a patented technology.<\/p>\t\t\t\t\t\t\t\t<\/div>\n\t\t\t\t<\/div>\n\t\t\t\t<\/div>\n\t\t\t\t\t<\/div>\n\t\t\t\t<\/div>\n\t\t<div class=\"elementor-element elementor-element-35a0d4f e-flex e-con-boxed e-con e-parent\" data-id=\"35a0d4f\" data-element_type=\"container\" data-e-type=\"container\" data-settings=\"{&quot;background_background&quot;:&quot;classic&quot;}\">\n\t\t\t\t\t<div class=\"e-con-inner\">\n\t\t<div class=\"elementor-element elementor-element-e24b7f8 e-con-full e-flex e-con e-child\" data-id=\"e24b7f8\" data-element_type=\"container\" data-e-type=\"container\" data-settings=\"{&quot;background_background&quot;:&quot;classic&quot;}\">\n\t\t\t\t<div class=\"elementor-element elementor-element-bdb6d6d elementor-invisible elementor-widget elementor-widget-heading\" data-id=\"bdb6d6d\" data-element_type=\"widget\" data-e-type=\"widget\" data-settings=\"{&quot;_animation&quot;:&quot;fadeIn&quot;}\" data-widget_type=\"heading.default\">\n\t\t\t\t<div class=\"elementor-widget-container\">\n\t\t\t\t\t<h2 class=\"elementor-heading-title elementor-size-default\">Whistleblowing <\/h2>\t\t\t\t<\/div>\n\t\t\t\t<\/div>\n\t\t\t\t<div class=\"elementor-element elementor-element-5de1f40 elementor-widget-divider--view-line elementor-invisible elementor-widget elementor-widget-divider\" data-id=\"5de1f40\" data-element_type=\"widget\" data-e-type=\"widget\" data-settings=\"{&quot;_animation&quot;:&quot;fadeInUp&quot;}\" data-widget_type=\"divider.default\">\n\t\t\t\t<div class=\"elementor-widget-container\">\n\t\t\t\t\t\t\t<div class=\"elementor-divider\">\n\t\t\t<span class=\"elementor-divider-separator\">\n\t\t\t\t\t\t<\/span>\n\t\t<\/div>\n\t\t\t\t\t\t<\/div>\n\t\t\t\t<\/div>\n\t\t\t\t<div class=\"elementor-element elementor-element-2d6f739 elementor-widget elementor-widget-text-editor\" data-id=\"2d6f739\" data-element_type=\"widget\" data-e-type=\"widget\" data-widget_type=\"text-editor.default\">\n\t\t\t\t<div class=\"elementor-widget-container\">\n\t\t\t\t\t\t\t\t\t<p>Compagnie Chargeurs Invest's Code of Conduct sets out the procedure to be followed for alerts and the associated responsibilities and protection.<\/p><p>The e-mail address for reporting an alert is <a href=\"mailto:alertes@chargeurs.com\"><strong>alertes@chargeurs.com<\/strong><\/a>. It is open to external and internal stakeholders. It is also available in the Code of Conduct and the Responsible Purchasing Charter.<\/p><p>The whistleblowing system is accessible and enables employees to report abuse, breaches of the law or internal guidelines, and unethical behaviour in complete security and confidentiality.<\/p>\t\t\t\t\t\t\t\t<\/div>\n\t\t\t\t<\/div>\n\t\t\t\t<\/div>\n\t\t\t\t\t<\/div>\n\t\t\t\t<\/div>\n\t\t<div class=\"elementor-element elementor-element-1cc8afd e-flex e-con-boxed e-con e-parent\" data-id=\"1cc8afd\" data-element_type=\"container\" data-e-type=\"container\">\n\t\t\t\t\t<div class=\"e-con-inner\">\n\t\t\t\t<div class=\"elementor-element elementor-element-8d8f8f7 elementor-widget elementor-widget-button\" data-id=\"8d8f8f7\" data-element_type=\"widget\" data-e-type=\"widget\" data-widget_type=\"button.default\">\n\t\t\t\t<div class=\"elementor-widget-container\">\n\t\t\t\t\t\t\t\t\t<div class=\"elementor-button-wrapper\">\n\t\t\t\t\t<a class=\"elementor-button elementor-button-link elementor-size-sm elementor-animation-float\" href=\"https:\/\/chargeurs.com\/en\/compagnie\/strategie-durable\/\">\n\t\t\t\t\t\t<span class=\"elementor-button-content-wrapper\">\n\t\t\t\t\t\t<span class=\"elementor-button-icon\">\n\t\t\t\t<i aria-hidden=\"true\" class=\"fas fa-arrow-left\"><\/i>\t\t\t<\/span>\n\t\t\t\t\t\t\t\t\t<span class=\"elementor-button-text\">Sustainable strategy<\/span>\n\t\t\t\t\t<\/span>\n\t\t\t\t\t<\/a>\n\t\t\t\t<\/div>\n\t\t\t\t\t\t\t\t<\/div>\n\t\t\t\t<\/div>\n\t\t\t\t<div class=\"elementor-element elementor-element-90b6bb2 elementor-widget elementor-widget-button\" data-id=\"90b6bb2\" data-element_type=\"widget\" data-e-type=\"widget\" data-widget_type=\"button.default\">\n\t\t\t\t<div class=\"elementor-widget-container\">\n\t\t\t\t\t\t\t\t\t<div class=\"elementor-button-wrapper\">\n\t\t\t\t\t<a class=\"elementor-button elementor-button-link elementor-size-sm elementor-animation-float\" href=\"https:\/\/chargeurs.com\/en\/compagnie\/priorites-rse\/preserver-lenvironnement-naturel\/\">\n\t\t\t\t\t\t<span class=\"elementor-button-content-wrapper\">\n\t\t\t\t\t\t<span class=\"elementor-button-icon\">\n\t\t\t\t<i aria-hidden=\"true\" class=\"fas fa-arrow-right\"><\/i>\t\t\t<\/span>\n\t\t\t\t\t\t\t\t\t<span class=\"elementor-button-text\">Preserving the natural environment<\/span>\n\t\t\t\t\t<\/span>\n\t\t\t\t\t<\/a>\n\t\t\t\t<\/div>\n\t\t\t\t\t\t\t\t<\/div>\n\t\t\t\t<\/div>\n\t\t\t\t\t<\/div>\n\t\t\t\t<\/div>\n\t\t\t\t<\/div>","protected":false},"excerpt":{"rendered":"<p>Agir en partenaire responsable avec les parties prenantes Nouvelles cibles en construction Cible 2030 : Chiffre d\u2019affaires r\u00e9alis\u00e9 avec les produits et services plus durables par rapport aux standards du march\u00e9 ou internes (%) \u00a0 0 % Cible 2030 : Accro\u00eetre la part des fournisseurs importants audit\u00e9s ou \u00e9valu\u00e9s (%) 0 % Cible 2030 : [&hellip;]<\/p>\n","protected":false},"author":9,"featured_media":0,"parent":27831,"menu_order":0,"comment_status":"closed","ping_status":"closed","template":"","meta":{"_acf_changed":false,"footnotes":""},"class_list":["post-28007","page","type-page","status-publish","hentry"],"acf":[],"yoast_head":"<!-- This site is optimized with the Yoast SEO plugin v27.5 - https:\/\/yoast.com\/product\/yoast-seo-wordpress\/ -->\n<title>Promouvoir l\u2019\u00e9thique des affaires - Compagnie Chargeurs Invest<\/title>\n<meta name=\"robots\" content=\"index, follow, max-snippet:-1, max-image-preview:large, max-video-preview:-1\" \/>\n<link rel=\"canonical\" href=\"https:\/\/chargeurs.com\/en\/compagnie\/priorites-rse\/promouvoir-lethique-des-affaires\/\" \/>\n<meta property=\"og:locale\" content=\"en_GB\" \/>\n<meta property=\"og:type\" content=\"article\" \/>\n<meta property=\"og:title\" content=\"Promouvoir l\u2019\u00e9thique des affaires - Compagnie Chargeurs Invest\" \/>\n<meta property=\"og:description\" content=\"Agir en partenaire responsable avec les parties prenantes Nouvelles cibles en construction Cible 2030 : Chiffre d\u2019affaires r\u00e9alis\u00e9 avec les produits et services plus durables par rapport aux standards du march\u00e9 ou internes (%) \u00a0 0 % Cible 2030 : Accro\u00eetre la part des fournisseurs importants audit\u00e9s ou \u00e9valu\u00e9s (%) 0 % Cible 2030 : [&hellip;]\" \/>\n<meta property=\"og:url\" content=\"https:\/\/chargeurs.com\/en\/compagnie\/priorites-rse\/promouvoir-lethique-des-affaires\/\" \/>\n<meta property=\"og:site_name\" content=\"Compagnie Chargeurs Invest\" \/>\n<meta property=\"article:modified_time\" content=\"2025-05-21T09:26:47+00:00\" \/>\n<meta property=\"og:image\" content=\"https:\/\/chargeurs.com\/wp-content\/uploads\/2025\/04\/F-WEB-Goal-08.png\" \/>\n\t<meta property=\"og:image:width\" content=\"1500\" \/>\n\t<meta property=\"og:image:height\" content=\"1500\" \/>\n\t<meta property=\"og:image:type\" content=\"image\/png\" \/>\n<meta name=\"twitter:card\" content=\"summary_large_image\" \/>\n<meta name=\"twitter:site\" content=\"@groupechargeurs\" \/>\n<meta name=\"twitter:label1\" content=\"Estimated reading time\" \/>\n\t<meta name=\"twitter:data1\" content=\"2 minutes\" \/>\n<script type=\"application\/ld+json\" class=\"yoast-schema-graph\">{\"@context\":\"https:\\\/\\\/schema.org\",\"@graph\":[{\"@type\":\"WebPage\",\"@id\":\"https:\\\/\\\/chargeurs.com\\\/compagnie\\\/priorites-rse\\\/promouvoir-lethique-des-affaires\\\/\",\"url\":\"https:\\\/\\\/chargeurs.com\\\/compagnie\\\/priorites-rse\\\/promouvoir-lethique-des-affaires\\\/\",\"name\":\"Promouvoir l\u2019\u00e9thique des affaires - Compagnie Chargeurs Invest\",\"isPartOf\":{\"@id\":\"https:\\\/\\\/chargeurs.com\\\/#website\"},\"primaryImageOfPage\":{\"@id\":\"https:\\\/\\\/chargeurs.com\\\/compagnie\\\/priorites-rse\\\/promouvoir-lethique-des-affaires\\\/#primaryimage\"},\"image\":{\"@id\":\"https:\\\/\\\/chargeurs.com\\\/compagnie\\\/priorites-rse\\\/promouvoir-lethique-des-affaires\\\/#primaryimage\"},\"thumbnailUrl\":\"https:\\\/\\\/chargeurs.com\\\/wp-content\\\/uploads\\\/2025\\\/04\\\/F-WEB-Goal-08-1024x1024.png\",\"datePublished\":\"2025-05-09T08:58:21+00:00\",\"dateModified\":\"2025-05-21T09:26:47+00:00\",\"breadcrumb\":{\"@id\":\"https:\\\/\\\/chargeurs.com\\\/compagnie\\\/priorites-rse\\\/promouvoir-lethique-des-affaires\\\/#breadcrumb\"},\"inLanguage\":\"en-GB\",\"potentialAction\":[{\"@type\":\"ReadAction\",\"target\":[\"https:\\\/\\\/chargeurs.com\\\/compagnie\\\/priorites-rse\\\/promouvoir-lethique-des-affaires\\\/\"]}]},{\"@type\":\"ImageObject\",\"inLanguage\":\"en-GB\",\"@id\":\"https:\\\/\\\/chargeurs.com\\\/compagnie\\\/priorites-rse\\\/promouvoir-lethique-des-affaires\\\/#primaryimage\",\"url\":\"https:\\\/\\\/chargeurs.com\\\/wp-content\\\/uploads\\\/2025\\\/04\\\/F-WEB-Goal-08-1024x1024.png\",\"contentUrl\":\"https:\\\/\\\/chargeurs.com\\\/wp-content\\\/uploads\\\/2025\\\/04\\\/F-WEB-Goal-08-1024x1024.png\"},{\"@type\":\"BreadcrumbList\",\"@id\":\"https:\\\/\\\/chargeurs.com\\\/compagnie\\\/priorites-rse\\\/promouvoir-lethique-des-affaires\\\/#breadcrumb\",\"itemListElement\":[{\"@type\":\"ListItem\",\"position\":1,\"name\":\"Accueil\",\"item\":\"https:\\\/\\\/chargeurs.com\\\/\"},{\"@type\":\"ListItem\",\"position\":2,\"name\":\"Compagnie\",\"item\":\"https:\\\/\\\/chargeurs.com\\\/en\\\/compagnie\\\/\"},{\"@type\":\"ListItem\",\"position\":3,\"name\":\"Priorit\u00e9s RSE\",\"item\":\"https:\\\/\\\/chargeurs.com\\\/compagnie\\\/priorites-rse\\\/\"},{\"@type\":\"ListItem\",\"position\":4,\"name\":\"Promouvoir l\u2019\u00e9thique des affaires\"}]},{\"@type\":\"WebSite\",\"@id\":\"https:\\\/\\\/chargeurs.com\\\/#website\",\"url\":\"https:\\\/\\\/chargeurs.com\\\/\",\"name\":\"Compagnie Chargeurs Invest\",\"description\":\"Est. 1872\",\"publisher\":{\"@id\":\"https:\\\/\\\/chargeurs.com\\\/#organization\"},\"potentialAction\":[{\"@type\":\"SearchAction\",\"target\":{\"@type\":\"EntryPoint\",\"urlTemplate\":\"https:\\\/\\\/chargeurs.com\\\/?s={search_term_string}\"},\"query-input\":{\"@type\":\"PropertyValueSpecification\",\"valueRequired\":true,\"valueName\":\"search_term_string\"}}],\"inLanguage\":\"en-GB\"},{\"@type\":\"Organization\",\"@id\":\"https:\\\/\\\/chargeurs.com\\\/#organization\",\"name\":\"Compagnie Chargeurs Invest\",\"url\":\"https:\\\/\\\/chargeurs.com\\\/\",\"logo\":{\"@type\":\"ImageObject\",\"inLanguage\":\"en-GB\",\"@id\":\"https:\\\/\\\/chargeurs.com\\\/#\\\/schema\\\/logo\\\/image\\\/\",\"url\":\"https:\\\/\\\/chargeurs.com\\\/wp-content\\\/uploads\\\/2025\\\/01\\\/CHARGEURS_LOGOS_PH07_VECTO.png\",\"contentUrl\":\"https:\\\/\\\/chargeurs.com\\\/wp-content\\\/uploads\\\/2025\\\/01\\\/CHARGEURS_LOGOS_PH07_VECTO.png\",\"width\":7000,\"height\":6081,\"caption\":\"Compagnie Chargeurs Invest\"},\"image\":{\"@id\":\"https:\\\/\\\/chargeurs.com\\\/#\\\/schema\\\/logo\\\/image\\\/\"},\"sameAs\":[\"https:\\\/\\\/x.com\\\/groupechargeurs\",\"https:\\\/\\\/www.linkedin.com\\\/company\\\/chargeurs\\\/\",\"https:\\\/\\\/www.youtube.com\\\/channel\\\/UC9R1cwGvepzgyvsm10uu24w\"]}]}<\/script>\n<!-- \/ Yoast SEO plugin. -->","yoast_head_json":{"title":"Promouvoir l\u2019\u00e9thique des affaires - Compagnie Chargeurs Invest","robots":{"index":"index","follow":"follow","max-snippet":"max-snippet:-1","max-image-preview":"max-image-preview:large","max-video-preview":"max-video-preview:-1"},"canonical":"https:\/\/chargeurs.com\/en\/compagnie\/priorites-rse\/promouvoir-lethique-des-affaires\/","og_locale":"en_GB","og_type":"article","og_title":"Promouvoir l\u2019\u00e9thique des affaires - Compagnie Chargeurs Invest","og_description":"Agir en partenaire responsable avec les parties prenantes Nouvelles cibles en construction Cible 2030 : Chiffre d\u2019affaires r\u00e9alis\u00e9 avec les produits et services plus durables par rapport aux standards du march\u00e9 ou internes (%) \u00a0 0 % Cible 2030 : Accro\u00eetre la part des fournisseurs importants audit\u00e9s ou \u00e9valu\u00e9s (%) 0 % Cible 2030 : [&hellip;]","og_url":"https:\/\/chargeurs.com\/en\/compagnie\/priorites-rse\/promouvoir-lethique-des-affaires\/","og_site_name":"Compagnie Chargeurs Invest","article_modified_time":"2025-05-21T09:26:47+00:00","og_image":[{"width":1500,"height":1500,"url":"https:\/\/chargeurs.com\/wp-content\/uploads\/2025\/04\/F-WEB-Goal-08.png","type":"image\/png"}],"twitter_card":"summary_large_image","twitter_site":"@groupechargeurs","twitter_misc":{"Estimated reading time":"2 minutes"},"schema":{"@context":"https:\/\/schema.org","@graph":[{"@type":"WebPage","@id":"https:\/\/chargeurs.com\/compagnie\/priorites-rse\/promouvoir-lethique-des-affaires\/","url":"https:\/\/chargeurs.com\/compagnie\/priorites-rse\/promouvoir-lethique-des-affaires\/","name":"Promouvoir l\u2019\u00e9thique des affaires - Compagnie Chargeurs Invest","isPartOf":{"@id":"https:\/\/chargeurs.com\/#website"},"primaryImageOfPage":{"@id":"https:\/\/chargeurs.com\/compagnie\/priorites-rse\/promouvoir-lethique-des-affaires\/#primaryimage"},"image":{"@id":"https:\/\/chargeurs.com\/compagnie\/priorites-rse\/promouvoir-lethique-des-affaires\/#primaryimage"},"thumbnailUrl":"https:\/\/chargeurs.com\/wp-content\/uploads\/2025\/04\/F-WEB-Goal-08-1024x1024.png","datePublished":"2025-05-09T08:58:21+00:00","dateModified":"2025-05-21T09:26:47+00:00","breadcrumb":{"@id":"https:\/\/chargeurs.com\/compagnie\/priorites-rse\/promouvoir-lethique-des-affaires\/#breadcrumb"},"inLanguage":"en-GB","potentialAction":[{"@type":"ReadAction","target":["https:\/\/chargeurs.com\/compagnie\/priorites-rse\/promouvoir-lethique-des-affaires\/"]}]},{"@type":"ImageObject","inLanguage":"en-GB","@id":"https:\/\/chargeurs.com\/compagnie\/priorites-rse\/promouvoir-lethique-des-affaires\/#primaryimage","url":"https:\/\/chargeurs.com\/wp-content\/uploads\/2025\/04\/F-WEB-Goal-08-1024x1024.png","contentUrl":"https:\/\/chargeurs.com\/wp-content\/uploads\/2025\/04\/F-WEB-Goal-08-1024x1024.png"},{"@type":"BreadcrumbList","@id":"https:\/\/chargeurs.com\/compagnie\/priorites-rse\/promouvoir-lethique-des-affaires\/#breadcrumb","itemListElement":[{"@type":"ListItem","position":1,"name":"Accueil","item":"https:\/\/chargeurs.com\/"},{"@type":"ListItem","position":2,"name":"Compagnie","item":"https:\/\/chargeurs.com\/en\/compagnie\/"},{"@type":"ListItem","position":3,"name":"Priorit\u00e9s RSE","item":"https:\/\/chargeurs.com\/compagnie\/priorites-rse\/"},{"@type":"ListItem","position":4,"name":"Promouvoir l\u2019\u00e9thique des affaires"}]},{"@type":"WebSite","@id":"https:\/\/chargeurs.com\/#website","url":"https:\/\/chargeurs.com\/","name":"Compagnie Chargeurs Invest","description":"Est. 1872","publisher":{"@id":"https:\/\/chargeurs.com\/#organization"},"potentialAction":[{"@type":"SearchAction","target":{"@type":"EntryPoint","urlTemplate":"https:\/\/chargeurs.com\/?s={search_term_string}"},"query-input":{"@type":"PropertyValueSpecification","valueRequired":true,"valueName":"search_term_string"}}],"inLanguage":"en-GB"},{"@type":"Organization","@id":"https:\/\/chargeurs.com\/#organization","name":"Compagnie Chargeurs Invest","url":"https:\/\/chargeurs.com\/","logo":{"@type":"ImageObject","inLanguage":"en-GB","@id":"https:\/\/chargeurs.com\/#\/schema\/logo\/image\/","url":"https:\/\/chargeurs.com\/wp-content\/uploads\/2025\/01\/CHARGEURS_LOGOS_PH07_VECTO.png","contentUrl":"https:\/\/chargeurs.com\/wp-content\/uploads\/2025\/01\/CHARGEURS_LOGOS_PH07_VECTO.png","width":7000,"height":6081,"caption":"Compagnie Chargeurs Invest"},"image":{"@id":"https:\/\/chargeurs.com\/#\/schema\/logo\/image\/"},"sameAs":["https:\/\/x.com\/groupechargeurs","https:\/\/www.linkedin.com\/company\/chargeurs\/","https:\/\/www.youtube.com\/channel\/UC9R1cwGvepzgyvsm10uu24w"]}]}},"_links":{"self":[{"href":"https:\/\/chargeurs.com\/en\/wp-json\/wp\/v2\/pages\/28007","targetHints":{"allow":["GET"]}}],"collection":[{"href":"https:\/\/chargeurs.com\/en\/wp-json\/wp\/v2\/pages"}],"about":[{"href":"https:\/\/chargeurs.com\/en\/wp-json\/wp\/v2\/types\/page"}],"author":[{"embeddable":true,"href":"https:\/\/chargeurs.com\/en\/wp-json\/wp\/v2\/users\/9"}],"replies":[{"embeddable":true,"href":"https:\/\/chargeurs.com\/en\/wp-json\/wp\/v2\/comments?post=28007"}],"version-history":[{"count":44,"href":"https:\/\/chargeurs.com\/en\/wp-json\/wp\/v2\/pages\/28007\/revisions"}],"predecessor-version":[{"id":28378,"href":"https:\/\/chargeurs.com\/en\/wp-json\/wp\/v2\/pages\/28007\/revisions\/28378"}],"up":[{"embeddable":true,"href":"https:\/\/chargeurs.com\/en\/wp-json\/wp\/v2\/pages\/27831"}],"wp:attachment":[{"href":"https:\/\/chargeurs.com\/en\/wp-json\/wp\/v2\/media?parent=28007"}],"curies":[{"name":"wp","href":"https:\/\/api.w.org\/{rel}","templated":true}]}}